{"id":8,"date":"2018-11-15T10:27:30","date_gmt":"2018-11-15T10:27:30","guid":{"rendered":"http:\/\/erhancoskun.com.tr\/?page_id=8"},"modified":"2025-11-18T06:27:51","modified_gmt":"2025-11-18T06:27:51","slug":"ana-sayfa","status":"publish","type":"page","link":"http:\/\/erhancoskun.com.tr\/","title":{"rendered":"Ho\u015f Geldiniz!"},"content":{"rendered":"<p>Esas itibariyle End\u00fcstriyel ve Uygulamal\u0131 Matematik alan\u0131nda kendi derslerim i\u00e7in haz\u0131rlam\u0131\u015f oldu\u011fum ders materyal ve sunumlar\u0131n\u0131 i\u00e7eren bu site, ayn\u0131 zamanda baz\u0131 davetli konferans\u00a0 ve b\u00f6l\u00fcm seminer sunumlar\u0131m\u0131 i\u00e7ermektedir.<\/p>\n<p><a href=\"https:\/\/youtu.be\/PmuXzXPTXF0\">End\u00fcstriyel Matematik KT\u00dc Radyo\/TV\u00a0 \u00a0Program videosu(Kas\u0131m 2024)<\/a><\/p>\n<p>Faydal\u0131 olmas\u0131 dile\u011fiyle, ec.<\/p>\n","protected":false},"excerpt":{"rendered":"<p>Esas itibariyle End\u00fcstriyel ve Uygulamal\u0131 Matematik alan\u0131nda kendi derslerim i\u00e7in haz\u0131rlam\u0131\u015f oldu\u011fum ders materyal ve sunumlar\u0131n\u0131 i\u00e7eren bu site, ayn\u0131 zamanda baz\u0131 davetli konferans\u00a0 ve b\u00f6l\u00fcm seminer sunumlar\u0131m\u0131 i\u00e7ermektedir. End\u00fcstriyel Matematik KT\u00dc Radyo\/TV\u00a0 \u00a0Program videosu(Kas\u0131m 2024) Faydal\u0131 olmas\u0131 dile\u011fiyle, ec.<\/p>\n","protected":false},"author":1,"featured_media":0,"parent":0,"menu_order":0,"comment_status":"closed","ping_status":"closed","template":"","meta":{"om_disable_all_campaigns":false,"_monsterinsights_skip_tracking":false,"_monsterinsights_sitenote_active":false,"_monsterinsights_sitenote_note":"","_monsterinsights_sitenote_category":0,"_uf_show_specific_survey":0,"_uf_disable_surveys":false,"footnotes":""},"class_list":["post-8","page","type-page","status-publish","hentry"],"aioseo_notices":[],"_links":{"self":[{"href":"http:\/\/erhancoskun.com.tr\/index.php?rest_route=\/wp\/v2\/pages\/8"}],"collection":[{"href":"http:\/\/erhancoskun.com.tr\/index.php?rest_route=\/wp\/v2\/pages"}],"about":[{"href":"http:\/\/erhancoskun.com.tr\/index.php?rest_route=\/wp\/v2\/types\/page"}],"author":[{"embeddable":true,"href":"http:\/\/erhancoskun.com.tr\/index.php?rest_route=\/wp\/v2\/users\/1"}],"replies":[{"embeddable":true,"href":"http:\/\/erhancoskun.com.tr\/index.php?rest_route=%2Fwp%2Fv2%2Fcomments&post=8"}],"version-history":[{"count":20,"href":"http:\/\/erhancoskun.com.tr\/index.php?rest_route=\/wp\/v2\/pages\/8\/revisions"}],"predecessor-version":[{"id":346,"href":"http:\/\/erhancoskun.com.tr\/index.php?rest_route=\/wp\/v2\/pages\/8\/revisions\/346"}],"wp:attachment":[{"href":"http:\/\/erhancoskun.com.tr\/index.php?rest_route=%2Fwp%2Fv2%2Fmedia&parent=8"}],"curies":[{"name":"wp","href":"https:\/\/api.w.org\/{rel}","templated":true}]}}